{"id":13,"date":"2022-03-13T11:43:35","date_gmt":"2022-03-13T11:43:35","guid":{"rendered":"http:\/\/www.ozgerdenizcilik.com.tr\/?page_id=13"},"modified":"2024-08-23T06:01:00","modified_gmt":"2024-08-23T06:01:00","slug":"hakkimizda","status":"publish","type":"page","link":"https:\/\/www.ozgerdenizcilik.com.tr\/?page_id=13","title":{"rendered":"HAKKIMIZDA"},"content":{"rendered":"<div data-colibri-id=\"13-c1\" class=\"style-792 style-local-13-c1 position-relative\">\n  <!---->\n  <div data-colibri-component=\"section\" data-colibri-id=\"13-c2\" id=\"initial-content\" class=\"h-section h-section-global-spacing d-flex align-items-lg-center align-items-md-center align-items-center style-793 style-local-13-c2 position-relative\">\n    <!---->\n    <!---->\n    <div class=\"h-section-grid-container h-section-boxed-container\">\n      <!---->\n      <div data-colibri-id=\"13-c3\" class=\"h-row-container gutters-row-lg-2 gutters-row-md-2 gutters-row-0 gutters-row-v-lg-2 gutters-row-v-md-2 gutters-row-v-2 style-794 style-local-13-c3 position-relative\">\n        <!---->\n        <div class=\"h-row justify-content-lg-center justify-content-md-center justify-content-center align-items-lg-stretch align-items-md-stretch align-items-stretch gutters-col-lg-2 gutters-col-md-2 gutters-col-0 gutters-col-v-lg-2 gutters-col-v-md-2 gutters-col-v-2\">\n          <!---->\n          <div class=\"h-column h-column-container d-flex h-col-lg-auto h-col-md-auto h-col-auto style-795-outer style-local-13-c4-outer\">\n            <div data-colibri-id=\"13-c4\" class=\"d-flex h-flex-basis h-column__inner h-px-lg-2 h-px-md-2 h-px-2 v-inner-lg-2 v-inner-md-2 v-inner-2 style-795 style-local-13-c4 position-relative\">\n              <!---->\n              <!---->\n              <div class=\"w-100 h-y-container h-column__content h-column__v-align flex-basis-100 align-self-lg-start align-self-md-start align-self-start\">\n                <!---->\n                <div data-colibri-id=\"13-c5\" class=\"style-796 style-local-13-c5 position-relative h-element\">\n                  <!---->\n                  <div>\n                    \n                    <p>Firmam\u0131z 1978 y\u0131l\u0131nda \u0130stanbul Ayvansaray&#8217;da kurulmu\u015ftur. \u0130stanbul\/Tuzla ve Mu\u011fla G\u00f6cek&#8217;de \u015fubelerimiz vard\u0131r.<\/p>\n                    \n\n                    \n                    <p>\u00d6zger denizcilik olarak 40+ y\u0131ll\u0131k deneyim ile ba\u015fta; Makine montaj\u0131, Pervane imalat ve montaj\u0131, \u015eaft imalat ve montaj\u0131, D\u00fcmen palas\u0131, hidrolik sistem imalat ve montaj\u0131, \u015eaft s\u0131zd\u0131rmazl\u0131k ke\u00e7e sistemi imalat ve montaj\u0131, Yak\u0131t tesisat\u0131\n                      montaj\u0131 gibi alanlarda hizmet vermektedir.<\/p>\n                    \n\n                    \n                    <p>Bir\u00e7ok projeyi eksiksiz teslim eden firmam\u0131z 1978&#8217;den gelen bilgi birikimi ve tecr\u00fcbesi ile her ge\u00e7en g\u00fcn b\u00fcnyesini geli\u015ftirmeyi hedefler.<\/p>\n                    \n                  <\/div>\n                <\/div>\n              <\/div>\n            <\/div>\n          <\/div>\n        <\/div>\n      <\/div>\n    <\/div>\n  <\/div>\n  <div data-colibri-component=\"section\" data-colibri-id=\"13-c6\" id=\"custom\" class=\"h-section h-section-global-spacing d-flex align-items-lg-center align-items-md-center align-items-center style-797 style-local-13-c6 position-relative\">\n    <!---->\n    <!---->\n    <div class=\"h-section-grid-container h-section-boxed-container\">\n      <!---->\n      <div data-colibri-id=\"13-c7\" class=\"h-row-container gutters-row-lg-2 gutters-row-md-2 gutters-row-0 gutters-row-v-lg-2 gutters-row-v-md-2 gutters-row-v-2 style-798 style-local-13-c7 position-relative\">\n        <!---->\n        <div class=\"h-row justify-content-lg-center justify-content-md-center justify-content-center align-items-lg-stretch align-items-md-stretch align-items-stretch gutters-col-lg-2 gutters-col-md-2 gutters-col-0 gutters-col-v-lg-2 gutters-col-v-md-2 gutters-col-v-2\">\n          <!---->\n          <div class=\"h-column h-column-container d-flex h-col-lg-auto h-col-md-auto h-col-auto style-799-outer style-local-13-c8-outer\">\n            <div data-colibri-id=\"13-c8\" class=\"d-flex h-flex-basis h-column__inner h-px-lg-2 h-px-md-2 h-px-2 v-inner-lg-2 v-inner-md-2 v-inner-2 style-799 style-local-13-c8 position-relative\">\n              <!---->\n              <!---->\n              <div class=\"w-100 h-y-container h-column__content h-column__v-align flex-basis-100 align-self-lg-start align-self-md-start align-self-start\">\n                <!---->\n                <div data-colibri-id=\"13-c23\" class=\"h-global-transition-all h-heading style-806 style-local-13-c23 position-relative h-element\">\n                  <!---->\n                  <div class=\"h-heading__outer style-806 style-local-13-c23\">\n                    <!---->\n                    <!---->\n                    <h1 class=\"\">Neden \u00d6zger Denizcilik ?<\/h1>\n                  <\/div>\n                <\/div>\n              <\/div>\n            <\/div>\n          <\/div>\n        <\/div>\n      <\/div>\n    <\/div>\n  <\/div>\n  <div data-colibri-component=\"section\" data-colibri-id=\"13-c9\" id=\"overlappable\" class=\"h-section h-section-global-spacing d-flex align-items-lg-center align-items-md-center align-items-center style-800 style-local-13-c9 position-relative\">\n    <!---->\n    <!---->\n    <div class=\"h-section-grid-container h-section-boxed-container\">\n      <!---->\n      <div data-colibri-id=\"13-c10\" class=\"h-row-container gutters-row-lg-2 gutters-row-md-0 gutters-row-2 gutters-row-v-lg-2 gutters-row-v-md-0 gutters-row-v-2 style-801 style-local-13-c10 position-relative\">\n        <!---->\n        <div class=\"h-row justify-content-lg-center justify-content-md-center justify-content-center align-items-lg-stretch align-items-md-stretch align-items-stretch gutters-col-lg-2 gutters-col-md-0 gutters-col-2 gutters-col-v-lg-2 gutters-col-v-md-0 gutters-col-v-2\">\n          <!---->\n          <div class=\"h-column h-column-container d-flex h-col-lg-4 h-col-md-4 h-col-12 style-802-outer style-local-13-c11-outer\">\n            <div data-colibri-id=\"13-c11\" class=\"d-flex h-flex-basis h-column__inner h-px-lg-2 h-px-md-3 h-px-2 v-inner-lg-0 v-inner-md-3 v-inner-2 style-802 style-local-13-c11 position-relative\">\n              <!---->\n              <!---->\n              <div class=\"w-100 h-y-container h-column__content h-column__v-align flex-basis-100 align-self-lg-start align-self-md-start align-self-start\">\n                <!---->\n                <div data-colibri-id=\"13-c12\" class=\"h-icon style-803 style-local-13-c12 position-relative h-element\">\n                  <!----><span class=\"h-svg-icon h-icon__icon style-803-icon style-local-13-c12-icon\"><!--Icon by Font Awesome (https:\/\/fontawesome.com)-->\n    <svg version=\"1.1\" xmlns=\"http:\/\/www.w3.org\/2000\/svg\" xmlns:xlink=\"http:\/\/www.w3.org\/1999\/xlink\" id=\"ship\" viewBox=\"0 0 2048 1896.0833\">\n      <path d=\"M1811 1555q19-19 45-19t45 19l128 128-90 90-83-83-83 83q-18 19-45 19t-45-19l-83-83-83 83q-19 19-45 19t-45-19l-83-83-83 83q-19 19-45 19t-45-19l-83-83-83 83q-19 19-45 19t-45-19l-83-83-83 83q-19 19-45 19t-45-19l-83-83-83 83q-19 19-45 19t-45-19l-83-83-83 83q-19 19-45 19t-45-19L19 1645l90-90 83 83 83-83q19-19 45-19t45 19l83 83 83-83q19-19 45-19t45 19l83 83 83-83q19-19 45-19t45 19l83 83 83-83q19-19 45-19t45 19l83 83 83-83q19-19 45-19t45 19l83 83 83-83q19-19 45-19t45 19l83 83zm-1574-38q-19 19-45 19t-45-19L19 1389l90-90 83 82 83-82q19-19 45-19t45 19l83 82 64-64v-293L302 710q-17-26-7-56.5t40-40.5l177-58V256h128V128h256V0h256v128h256v128h128v299l177 58q30 10 40 40.5t-7 56.5l-210 314v293l19-18q19-19 45-19t45 19l83 82 83-82q19-19 45-19t45 19l128 128-90 90-83-83-83 83q-18 19-45 19t-45-19l-83-83-83 83q-19 19-45 19t-45-19l-83-83-83 83q-19 19-45 19t-45-19l-83-83-83 83q-19 19-45 19t-45-19l-83-83-83 83q-19 19-45 19t-45-19l-83-83-83 83q-19 19-45 19t-45-19l-83-83zM640 384v128l384-128 384 128V384h-128V256H768v128H640z\"><\/path>\n    <\/svg><\/span><\/div>\n                <div data-colibri-id=\"13-c13\" class=\"h-global-transition-all h-heading style-804 style-local-13-c13 position-relative h-element\">\n                  <!---->\n                  <div class=\"h-heading__outer style-804 style-local-13-c13\">\n                    <!---->\n                    <!---->\n                    <h5 class=\"\">ekip<\/h5>\n                  <\/div>\n                <\/div>\n                <div data-colibri-id=\"13-c14\" class=\"h-text h-text-component style-805 style-local-13-c14 position-relative h-element\">\n                  <!---->\n                  <!---->\n                  <div class=\"\">\n                    <p>\u0130htiya\u00e7lar\u0131n\u0131z\u0131 do\u011fru tespit edebilecek ve eksiksiz teslim edebilecek deneyime sahip teknik ekibe sahibiz.<\/p>\n                  <\/div>\n                <\/div>\n              <\/div>\n            <\/div>\n          <\/div>\n          <div class=\"h-column h-column-container d-flex h-col-lg-4 h-col-md-4 h-col-12 style-802-outer style-local-13-c15-outer\">\n            <div data-colibri-id=\"13-c15\" class=\"d-flex h-flex-basis h-column__inner h-px-lg-2 h-px-md-3 h-px-2 v-inner-lg-0 v-inner-md-3 v-inner-2 style-802 style-local-13-c15 position-relative\">\n              <!---->\n              <!---->\n              <div class=\"w-100 h-y-container h-column__content h-column__v-align flex-basis-100 align-self-lg-start align-self-md-start align-self-start\">\n                <!---->\n                <div data-colibri-id=\"13-c16\" class=\"h-icon style-803 style-local-13-c16 position-relative h-element\">\n                  <!----><span class=\"h-svg-icon h-icon__icon style-803-icon style-local-13-c16-icon\"><!--Icon by Icons8 Line Awesome (https:\/\/icons8.com\/line-awesome)--><svg version=\"1.1\" xmlns=\"http:\/\/www.w3.org\/2000\/svg\" xmlns:xlink=\"http:\/\/www.w3.org\/1999\/xlink\" id=\"gears\" viewBox=\"0 0 512 545.5\"><path d=\"M344 72h32v22.5c13.256 2.334 25.375 7.58 36 15l15-15 22.5 22.5-15 15c7.42 10.625 12.666 22.744 15 36H472v32h-22.5c-2.357 13.388-7.46 25.802-15 36.5L450 253l-23.5 22-15-16c-10.494 7.212-22.48 12.208-35.5 14.5V296h-32v-22.5c-13.256-2.334-25.375-7.58-36-15l-16.5 17-23-23 17-16.5c-7.42-10.625-12.666-22.744-15-36H248v-32h22.5c2.292-13.02 7.288-25.006 14.5-35.5l-16-15L291 94l16.5 15.5c10.698-7.54 23.112-12.643 36.5-15V72zm16 53c-32.885 0-59 26.115-59 59s26.115 59 59 59 59-26.115 59-59-26.115-59-59-59zm-207.5 94.5l11.5 29c8.477-2.118 17.388-3.5 26.5-3.5 9.13 0 18.015 1.362 26.5 3.5l11.5-29 29.5 12-11.5 29c15.108 9.133 27.874 21.944 37 37l29-11.5 12 29.5-29 11.5c2.118 8.458 3.5 17.388 3.5 26.5s-1.382 18.023-3.5 26.5l29 11.5-12 29.5-29-11.5c-9.107 15.23-21.88 28.264-37 37.5l11.5 28.5-29.5 12L217 459c-8.458 2.138-17.388 3.5-26.5 3.5-9.166 0-17.972-1.345-26.5-3.5l-11.5 28.5-29.5-12 11.5-28.5c-15.37-9.23-28.246-22.145-37.5-37.5L68.5 421l-12-29.5L85 380c-2.138-8.477-3.5-17.388-3.5-26.5s1.362-18.042 3.5-26.5l-28.5-11.5 12-29.5L97 297.5c9.236-15.12 22.27-27.893 37.5-37l-11.5-29zm38 57.5c-42.605 0-77 33.895-77 76.5s34.395 77 77 77 76.5-34.395 76.5-77-33.895-76.5-76.5-76.5z\"><\/path><\/svg><\/span><\/div>\n                <div\n                  data-colibri-id=\"13-c17\" class=\"h-global-transition-all h-heading style-804 style-local-13-c17 position-relative h-element\">\n                  <!---->\n                  <div class=\"h-heading__outer style-804 style-local-13-c17\">\n                    <!---->\n                    <!---->\n                    <h5 class=\"\">tecr\u00fcbe<\/h5>\n                  <\/div>\n              <\/div>\n              <div data-colibri-id=\"13-c18\" class=\"h-text h-text-component style-805 style-local-13-c18 position-relative h-element\">\n                <!---->\n                <!---->\n                <div class=\"\">\n                  <p>Do\u011fru \u00fcr\u00fcnleri en iyi altyap\u0131 ile sat\u0131\u015f sonras\u0131nda da \u00fcr\u00fcn ve hizmetlerimizin sa\u011fl\u0131kl\u0131 kullan\u0131lmas\u0131 i\u00e7in azami \u00e7abay\u0131 g\u00f6steririz.<\/p>\n                <\/div>\n              <\/div>\n            <\/div>\n          <\/div>\n        <\/div>\n        <div class=\"h-column h-column-container d-flex h-col-lg-4 h-col-md-4 h-col-12 style-802-outer style-local-13-c19-outer\">\n          <div data-colibri-id=\"13-c19\" class=\"d-flex h-flex-basis h-column__inner h-px-lg-2 h-px-md-3 h-px-2 v-inner-lg-0 v-inner-md-3 v-inner-2 style-802 style-local-13-c19 position-relative\">\n            <!---->\n            <!---->\n            <div class=\"w-100 h-y-container h-column__content h-column__v-align flex-basis-100 align-self-lg-start align-self-md-start align-self-start\">\n              <!---->\n              <div data-colibri-id=\"13-c20\" class=\"h-icon style-803 style-local-13-c20 position-relative h-element\">\n                <!----><span class=\"h-svg-icon h-icon__icon style-803-icon style-local-13-c20-icon\"><!--Icon by Font Awesome (https:\/\/fontawesome.com)-->\n    <svg version=\"1.1\" xmlns=\"http:\/\/www.w3.org\/2000\/svg\" xmlns:xlink=\"http:\/\/www.w3.org\/1999\/xlink\" id=\"gear\" viewBox=\"0 0 1536 1896.0833\">\n      <path d=\"M1024 896q0-106-75-181t-181-75-181 75-75 181 75 181 181 75 181-75 75-181zm512-109v222q0 12-8 23t-20 13l-185 28q-19 54-39 91 35 50 107 138 10 12 10 25t-9 23q-27 37-99 108t-94 71q-12 0-26-9l-138-108q-44 23-91 38-16 136-29 186-7 28-36 28H657q-14 0-24.5-8.5T621 1634l-28-184q-49-16-90-37l-141 107q-10 9-25 9-14 0-25-11-126-114-165-168-7-10-7-23 0-12 8-23 15-21 51-66.5t54-70.5q-27-50-41-99l-183-27q-13-2-21-12.5T0 1005V783q0-12 8-23t19-13l186-28q14-46 39-92-40-57-107-138-10-12-10-24 0-10 9-23 26-36 98.5-107.5T337 263q13 0 26 10l138 107q44-23 91-38 16-136 29-186 7-28 36-28h222q14 0 24.5 8.5T915 158l28 184q49 16 90 37l142-107q9-9 24-9 13 0 25 10 129 119 165 170 7 8 7 22 0 12-8 23-15 21-51 66.5t-54 70.5q26 50 41 98l183 28q13 2 21 12.5t8 23.5z\"><\/path>\n    <\/svg><\/span><\/div>\n              <div data-colibri-id=\"13-c21\" class=\"h-global-transition-all h-heading style-804 style-local-13-c21 position-relative h-element\">\n                <!---->\n                <div class=\"h-heading__outer style-804 style-local-13-c21\">\n                  <!---->\n                  <!---->\n                  <h5 class=\"\">bilgi <\/h5>\n                <\/div>\n              <\/div>\n              <div data-colibri-id=\"13-c22\" class=\"h-text h-text-component style-805 style-local-13-c22 position-relative h-element\">\n                <!---->\n                <!---->\n                <div class=\"\">\n                  <p>Olmas\u0131 gerekeni s\u00f6yleyip, olmas\u0131 gerekti\u011fi gibi uygulayan, ilkeli, etik de\u011ferlere sahip, yapt\u0131\u011f\u0131 i\u015fe sayg\u0131 duyan, yapt\u0131\u011f\u0131 i\u015fi seven ve dolay\u0131s\u0131 ile kendini ve i\u015fini s\u00fcrekli geli\u015ftiren insanlardan olu\u015fan bir firmay\u0131z.<\/p>\n                <\/div>\n              <\/div>\n            <\/div>\n          <\/div>\n        <\/div>\n      <\/div>\n    <\/div>\n  <\/div>\n<\/div>\n<\/div>","protected":false},"excerpt":{"rendered":"<p>Firmam\u0131z 1978 y\u0131l\u0131nda \u0130stanbul Ayvansaray&#8217;da kurulmu\u015ftur. \u0130stanbul\/Tuzla ve Mu\u011fla G\u00f6cek&#8217;de \u015fubelerimiz vard\u0131r. \u00d6zger denizcilik olarak 40+ y\u0131ll\u0131k deneyim ile ba\u015fta; Makine montaj\u0131, Pervane imalat ve montaj\u0131, \u015eaft imalat ve montaj\u0131, D\u00fcmen palas\u0131, hidrolik sistem imalat ve montaj\u0131, \u015eaft s\u0131zd\u0131rmazl\u0131k ke\u00e7e sistemi imalat ve montaj\u0131, Yak\u0131t tesisat\u0131 montaj\u0131 gibi alanlarda hizmet vermektedir. Bir\u00e7ok projeyi eksiksiz teslim [&hellip;]<\/p>\n","protected":false},"author":1,"featured_media":0,"parent":0,"menu_order":0,"comment_status":"closed","ping_status":"closed","template":"page-templates\/full-width-page.php","meta":{"footnotes":""},"class_list":["post-13","page","type-page","status-publish","hentry"],"_links":{"self":[{"href":"https:\/\/www.ozgerdenizcilik.com.tr\/index.php?rest_route=\/wp\/v2\/pages\/13","targetHints":{"allow":["GET"]}}],"collection":[{"href":"https:\/\/www.ozgerdenizcilik.com.tr\/index.php?rest_route=\/wp\/v2\/pages"}],"about":[{"href":"https:\/\/www.ozgerdenizcilik.com.tr\/index.php?rest_route=\/wp\/v2\/types\/page"}],"author":[{"embeddable":true,"href":"https:\/\/www.ozgerdenizcilik.com.tr\/index.php?rest_route=\/wp\/v2\/users\/1"}],"replies":[{"embeddable":true,"href":"https:\/\/www.ozgerdenizcilik.com.tr\/index.php?rest_route=%2Fwp%2Fv2%2Fcomments&post=13"}],"version-history":[{"count":3,"href":"https:\/\/www.ozgerdenizcilik.com.tr\/index.php?rest_route=\/wp\/v2\/pages\/13\/revisions"}],"predecessor-version":[{"id":524,"href":"https:\/\/www.ozgerdenizcilik.com.tr\/index.php?rest_route=\/wp\/v2\/pages\/13\/revisions\/524"}],"wp:attachment":[{"href":"https:\/\/www.ozgerdenizcilik.com.tr\/index.php?rest_route=%2Fwp%2Fv2%2Fmedia&parent=13"}],"curies":[{"name":"wp","href":"https:\/\/api.w.org\/{rel}","templated":true}]}}