{"id":19,"date":"2022-03-13T11:45:39","date_gmt":"2022-03-13T11:45:39","guid":{"rendered":"http:\/\/www.ozgerdenizcilik.com.tr\/?page_id=19"},"modified":"2024-08-23T12:59:37","modified_gmt":"2024-08-23T12:59:37","slug":"teknik-servis","status":"publish","type":"page","link":"https:\/\/www.ozgerdenizcilik.com.tr\/?page_id=19","title":{"rendered":"TEKN\u0130K SERV\u0130S"},"content":{"rendered":"<div data-colibri-id=\"19-c1\" class=\"style-807 style-local-19-c1 position-relative\">\n  <!---->\n  <div data-colibri-component=\"section\" data-colibri-id=\"19-c81\" id=\"about-2\" class=\"h-section h-section-global-spacing d-flex align-items-lg-center align-items-md-center align-items-center style-985 style-local-19-c81 position-relative\">\n    <!---->\n    <!---->\n    <div class=\"h-section-grid-container h-section-boxed-container\">\n      <!---->\n      <div data-colibri-id=\"19-c82\" class=\"h-row-container gutters-row-lg-0 gutters-row-md-0 gutters-row-0 gutters-row-v-lg-0 gutters-row-v-md-0 gutters-row-v-0 style-986 style-local-19-c82 position-relative\">\n        <!---->\n        <div class=\"h-row justify-content-lg-center justify-content-md-center justify-content-center align-items-lg-stretch align-items-md-stretch align-items-stretch gutters-col-lg-0 gutters-col-md-0 gutters-col-0 gutters-col-v-lg-0 gutters-col-v-md-0 gutters-col-v-0\">\n          <!---->\n          <div class=\"h-column h-column-container d-flex h-col-lg-auto h-col-md-auto h-col-auto style-987-outer style-local-19-c83-outer\">\n            <div data-colibri-id=\"19-c83\" class=\"d-flex h-flex-basis h-column__inner h-px-lg-0 h-px-md-0 h-px-0 v-inner-lg-0 v-inner-md-0 v-inner-0 style-987 style-local-19-c83 position-relative\">\n              <!---->\n              <!---->\n              <div class=\"w-100 h-y-container h-column__content h-column__v-align flex-basis-100 align-self-lg-start align-self-md-start align-self-start\">\n                <!---->\n                <div data-colibri-id=\"19-c84\" class=\"h-global-transition-all h-heading style-988 style-local-19-c84 position-relative h-element\">\n                  <!---->\n                  <div class=\"h-heading__outer style-988 style-local-19-c84\">\n                    <!---->\n                    <!---->\n                    <h4 class=\"\">PRINCESS 72 ft.\n                      <br>\n                    <\/h4>\n                  <\/div>\n                <\/div>\n                <div data-colibri-id=\"19-c85\" class=\"h-global-transition-all h-heading style-989 style-local-19-c85 position-relative h-element\">\n                  <!---->\n                  <div class=\"h-heading__outer style-989 style-local-19-c85\">\n                    <!---->\n                    <!---->\n                    <h5 class=\"\">-\u015eaft salg\u0131 kontrolleri\n                      <br>\n                      <br>\n                      <br>-\u015eaft yata\u011f\u0131 de\u011fi\u015fimi\n                      <br>\n                      <br>\n                      <br>-Ke\u00e7e de\u011fi\u015fimi\n                      <br>\n                      <br>\n                      <br>-Pervane temizli\u011fi.\n                      <br>\n                      <br>\n                      <br>\n                      <br>G\u00f6cek\/Mu\u011fla<\/h5>\n                  <\/div>\n                <\/div>\n              <\/div>\n            <\/div>\n          <\/div>\n          <div class=\"h-column h-column-container d-flex h-col-lg-auto h-col-md-auto h-col-auto style-991-outer style-local-19-c87-outer\">\n            <div data-colibri-id=\"19-c87\" class=\"d-flex h-flex-basis h-column__inner h-ui-empty-state-container h-px-lg-2 h-px-md-2 h-px-2 v-inner-lg-2 v-inner-md-2 v-inner-2 style-991 style-local-19-c87 position-relative\">\n              <!---->\n              <!---->\n              <div class=\"w-100 h-y-container h-column__content h-column__v-align flex-basis-100\">\n                <!---->\n              <\/div>\n            <\/div>\n          <\/div>\n        <\/div>\n      <\/div>\n    <\/div>\n  <\/div>\n  <div data-colibri-component=\"section\" data-colibri-id=\"19-c95\" id=\"about\" class=\"h-section h-section-global-spacing d-flex align-items-lg-center align-items-md-center align-items-center style-999 style-local-19-c95 position-relative\">\n    <!---->\n    <!---->\n    <div class=\"h-section-grid-container h-section-boxed-container\">\n      <!---->\n      <div data-colibri-id=\"19-c96\" class=\"h-row-container gutters-row-lg-0 gutters-row-md-0 gutters-row-0 gutters-row-v-lg-0 gutters-row-v-md-0 gutters-row-v-0 style-1000 style-local-19-c96 position-relative\">\n        <!---->\n        <div class=\"h-row justify-content-lg-center justify-content-md-center justify-content-center align-items-lg-stretch align-items-md-stretch align-items-stretch gutters-col-lg-0 gutters-col-md-0 gutters-col-0 gutters-col-v-lg-0 gutters-col-v-md-0 gutters-col-v-0\">\n          <!---->\n          <div class=\"h-column h-column-container d-flex h-col-lg-auto h-col-md-auto h-col-auto style-1001-outer style-local-19-c97-outer\">\n            <div data-colibri-id=\"19-c97\" class=\"d-flex h-flex-basis h-column__inner h-ui-empty-state-container h-px-lg-0 h-px-md-0 h-px-0 v-inner-lg-0 v-inner-md-0 v-inner-0 style-1001 style-local-19-c97 position-relative\">\n              <!---->\n              <!---->\n              <div class=\"w-100 h-y-container h-column__content h-column__v-align flex-basis-100\">\n                <!---->\n              <\/div>\n            <\/div>\n          <\/div>\n          <div class=\"h-column h-column-container d-flex h-col-lg-auto h-col-md-auto h-col-auto style-1002-outer style-local-19-c98-outer\">\n            <div data-colibri-id=\"19-c98\" class=\"d-flex h-flex-basis h-column__inner h-px-lg-2 h-px-md-2 h-px-2 v-inner-lg-2 v-inner-md-2 v-inner-2 style-1002 style-local-19-c98 position-relative\">\n              <!---->\n              <!---->\n              <div class=\"w-100 h-y-container h-column__content h-column__v-align flex-basis-100 align-self-lg-start align-self-md-start align-self-start\">\n                <!---->\n                <div data-colibri-id=\"19-c99\" class=\"h-global-transition-all h-heading style-1003 style-local-19-c99 position-relative h-element\">\n                  <!---->\n                  <div class=\"h-heading__outer style-1003 style-local-19-c99\">\n                    <!---->\n                    <!---->\n                    <h4 class=\"\">NUMARINE 37XP\n                      <br>\n                      <br>\n                      <br>\n                      <br>&nbsp;\n                      <br>\n                    <\/h4>\n                  <\/div>\n                <\/div>\n                <div data-colibri-id=\"19-c100\" class=\"h-global-transition-all h-heading style-1004 style-local-19-c100 position-relative h-element\">\n                  <!---->\n                  <div class=\"h-heading__outer style-1004 style-local-19-c100\">\n                    <!---->\n                    <!---->\n                    <h5 class=\"\">&#8211; Centa kaplin, \u015faft kovan\u0131 ve braket line \u00e7izgileri.\n                      <br>\n                      <br>\n                      <br>&#8211; D\u00fcmen kovan\u0131 montaj\u0131.\n                      <br>\n                      <br>\n                      <br>&#8211; Sevk sistemi montaj\u0131 s\u0131cak i\u015flemleri.\n                      <br>\n                      <br>\n                      <br>\n                      <br>\u0130stanbul\/Tuzla\n                      <br>\n                    <\/h5>\n                  <\/div>\n                <\/div>\n              <\/div>\n            <\/div>\n          <\/div>\n        <\/div>\n      <\/div>\n    <\/div>\n  <\/div>\n  <div data-colibri-component=\"section\" data-colibri-id=\"19-c105\" id=\"about-3\" class=\"h-section h-section-global-spacing d-flex align-items-lg-center align-items-md-center align-items-center style-1009 style-local-19-c105 position-relative\">\n    <!---->\n    <!---->\n    <div class=\"h-section-grid-container h-section-boxed-container\">\n      <!---->\n      <div data-colibri-id=\"19-c106\" class=\"h-row-container gutters-row-lg-0 gutters-row-md-0 gutters-row-0 gutters-row-v-lg-0 gutters-row-v-md-0 gutters-row-v-0 style-1010 style-local-19-c106 position-relative\">\n        <!---->\n        <div class=\"h-row justify-content-lg-center justify-content-md-center justify-content-center align-items-lg-stretch align-items-md-stretch align-items-stretch gutters-col-lg-0 gutters-col-md-0 gutters-col-0 gutters-col-v-lg-0 gutters-col-v-md-0 gutters-col-v-0\">\n          <!---->\n          <div class=\"h-column h-column-container d-flex h-col-lg-auto h-col-md-auto h-col-auto style-1011-outer style-local-19-c107-outer\">\n            <div data-colibri-id=\"19-c107\" class=\"d-flex h-flex-basis h-column__inner h-px-lg-0 h-px-md-0 h-px-0 v-inner-lg-0 v-inner-md-0 v-inner-0 style-1011 style-local-19-c107 position-relative\">\n              <!---->\n              <!---->\n              <div class=\"w-100 h-y-container h-column__content h-column__v-align flex-basis-100 align-self-lg-start align-self-md-start align-self-start\">\n                <!---->\n                <div data-colibri-id=\"19-c108\" class=\"h-global-transition-all h-heading style-1012 style-local-19-c108 position-relative h-element\">\n                  <!---->\n                  <div class=\"h-heading__outer style-1012 style-local-19-c108\">\n                    <!---->\n                    <!---->\n                    <h4 class=\"\">BELVEDERE&nbsp;\n                      <br>MENG\u0130 YAY 35 M.\n                      <br>\n                    <\/h4>\n                  <\/div>\n                <\/div>\n                <div data-colibri-id=\"19-c109\" class=\"h-global-transition-all h-heading style-1013 style-local-19-c109 position-relative h-element\">\n                  <!---->\n                  <div class=\"h-heading__outer style-1013 style-local-19-c109\">\n                    <!---->\n                    <!---->\n                    <h5 class=\"\">-\u015eaft imalat ve montaj\u0131.\n                      <br>-Pervane balans ve pitch kontrol\u00fc.\n                      <br>-Ana makina deniz suyu filtresi imalat\u0131 ve montaj\u0131.\n                      <br>-Deniz suyu s\u00fczge\u00e7 imalat\u0131 ve montaj\u0131.\n                      <br>-Ke\u00e7e sistemi imalat ve montaj\u0131.\n                      <br>\n                      <br>\n                      <br>\n                      <br>Didim\/Ayd\u0131n<\/h5>\n                  <\/div>\n                <\/div>\n              <\/div>\n            <\/div>\n          <\/div>\n          <div class=\"h-column h-column-container d-flex h-col-lg-auto h-col-md-auto h-col-auto style-1015-outer style-local-19-c111-outer\">\n            <div data-colibri-id=\"19-c111\" class=\"d-flex h-flex-basis h-column__inner h-ui-empty-state-container h-px-lg-2 h-px-md-2 h-px-2 v-inner-lg-2 v-inner-md-2 v-inner-2 style-1015 style-local-19-c111 position-relative\">\n              <!---->\n              <!---->\n              <div class=\"w-100 h-y-container h-column__content h-column__v-align flex-basis-100\">\n                <!---->\n              <\/div>\n            <\/div>\n          <\/div>\n        <\/div>\n      <\/div>\n    <\/div>\n  <\/div>\n  <div data-colibri-component=\"section\" data-colibri-id=\"19-c115\" id=\"about-4\" class=\"h-section h-section-global-spacing d-flex align-items-lg-center align-items-md-center align-items-center style-1019 style-local-19-c115 position-relative\">\n    <!---->\n    <!---->\n    <div class=\"h-section-grid-container h-section-boxed-container\">\n      <!---->\n      <div data-colibri-id=\"19-c116\" class=\"h-row-container gutters-row-lg-0 gutters-row-md-0 gutters-row-0 gutters-row-v-lg-0 gutters-row-v-md-0 gutters-row-v-0 style-1020 style-local-19-c116 position-relative\">\n        <!---->\n        <div class=\"h-row justify-content-lg-center justify-content-md-center justify-content-center align-items-lg-stretch align-items-md-stretch align-items-stretch gutters-col-lg-0 gutters-col-md-0 gutters-col-0 gutters-col-v-lg-0 gutters-col-v-md-0 gutters-col-v-0\">\n          <!---->\n          <div class=\"h-column h-column-container d-flex h-col-lg-auto h-col-md-auto h-col-auto style-1021-outer style-local-19-c117-outer\">\n            <div data-colibri-id=\"19-c117\" class=\"d-flex h-flex-basis h-column__inner h-ui-empty-state-container h-px-lg-0 h-px-md-0 h-px-0 v-inner-lg-0 v-inner-md-0 v-inner-0 style-1021 style-local-19-c117 position-relative\">\n              <!---->\n              <!---->\n              <div class=\"w-100 h-y-container h-column__content h-column__v-align flex-basis-100\">\n                <!---->\n              <\/div>\n            <\/div>\n          <\/div>\n          <div class=\"h-column h-column-container d-flex h-col-lg-auto h-col-md-auto h-col-auto style-1022-outer style-local-19-c118-outer\">\n            <div data-colibri-id=\"19-c118\" class=\"d-flex h-flex-basis h-column__inner h-px-lg-2 h-px-md-2 h-px-2 v-inner-lg-2 v-inner-md-2 v-inner-2 style-1022 style-local-19-c118 position-relative\">\n              <!---->\n              <!---->\n              <div class=\"w-100 h-y-container h-column__content h-column__v-align flex-basis-100 align-self-lg-start align-self-md-start align-self-start\">\n                <!---->\n                <div data-colibri-id=\"19-c119\" class=\"h-global-transition-all h-heading style-1023 style-local-19-c119 position-relative h-element\">\n                  <!---->\n                  <div class=\"h-heading__outer style-1023 style-local-19-c119\">\n                    <!---->\n                    <!---->\n                    <h4 class=\"\">SELEDA\n                      <br>MENG\u0130 YAY 47 M.\n                      <br>\n                    <\/h4>\n                  <\/div>\n                <\/div>\n                <div data-colibri-id=\"19-c120\" class=\"h-global-transition-all h-heading style-1024 style-local-19-c120 position-relative h-element\">\n                  <!---->\n                  <div class=\"h-heading__outer style-1024 style-local-19-c120\">\n                    <!---->\n                    <!---->\n                    <h5 class=\"\">-\u015eaft imalat ve montaj\u0131.\n                      <br>\n                      <br>-Pervane balans ve pitch kontrol\u00fc.\n                      <br>\n                      <br>-\u015eaft yata\u011f\u0131 de\u011fi\u015fimi\n                      <br>\n                      <br>-Ke\u00e7e sistemi imalat ve montaj\u0131.\n                      <br>\n                      <br>-Ana makina line ayarlar\u0131.\n                      <br>\n                      <br>\n                      <br>\n                      <br>Didim\/Ayd\u0131n\n                      <br>\n                    <\/h5>\n                  <\/div>\n                <\/div>\n              <\/div>\n            <\/div>\n          <\/div>\n        <\/div>\n      <\/div>\n    <\/div>\n  <\/div>\n  <div data-colibri-component=\"section\" data-colibri-id=\"19-c125\" id=\"about-5\" class=\"h-section h-section-global-spacing d-flex align-items-lg-center align-items-md-center align-items-center style-1029 style-local-19-c125 position-relative\">\n    <!---->\n    <!---->\n    <div class=\"h-section-grid-container h-section-boxed-container\">\n      <!---->\n      <div data-colibri-id=\"19-c126\" class=\"h-row-container gutters-row-lg-0 gutters-row-md-0 gutters-row-0 gutters-row-v-lg-0 gutters-row-v-md-0 gutters-row-v-0 style-1030 style-local-19-c126 position-relative\">\n        <!---->\n        <div class=\"h-row justify-content-lg-center justify-content-md-center justify-content-center align-items-lg-stretch align-items-md-stretch align-items-stretch gutters-col-lg-0 gutters-col-md-0 gutters-col-0 gutters-col-v-lg-0 gutters-col-v-md-0 gutters-col-v-0\">\n          <!---->\n          <div class=\"h-column h-column-container d-flex h-col-lg-auto h-col-md-auto h-col-auto style-1031-outer style-local-19-c127-outer\">\n            <div data-colibri-id=\"19-c127\" class=\"d-flex h-flex-basis h-column__inner h-px-lg-0 h-px-md-0 h-px-0 v-inner-lg-0 v-inner-md-0 v-inner-0 style-1031 style-local-19-c127 position-relative\">\n              <!---->\n              <!---->\n              <div class=\"w-100 h-y-container h-column__content h-column__v-align flex-basis-100 align-self-lg-start align-self-md-start align-self-start\">\n                <!---->\n                <div data-colibri-id=\"19-c128\" class=\"h-global-transition-all h-heading style-1032 style-local-19-c128 position-relative h-element\">\n                  <!---->\n                  <div class=\"h-heading__outer style-1032 style-local-19-c128\">\n                    <!---->\n                    <!---->\n                    <h5 class=\"\">BENETEAU SWIFT TRAWLER 42 ft.\n                      <br>\n                      <br>\n                    <\/h5>\n                  <\/div>\n                <\/div>\n                <div data-colibri-id=\"19-c129\" class=\"h-global-transition-all h-heading style-1033 style-local-19-c129 position-relative h-element\">\n                  <!---->\n                  <div class=\"h-heading__outer style-1033 style-local-19-c129\">\n                    <!---->\n                    <!---->\n                    <h5 class=\"\">-\u015eaft \u0130malat\u0131.\n                      <br>\n                      <br>-\u015eaft Yata\u011f\u0131 De\u011fi\u015fimi.\n                      <br>\n                      <br>-\u015eaft Ke\u00e7e Bak\u0131mlar\u0131.\n                      <br>\n                      <br>-Ba\u015f Pervane Bak\u0131m\u0131.\n                      <br>\n                      <br>-Pervane Bak\u0131m\u0131 ve Temizli\u011fi.\n                      <br>\n                      <br>-Tutya De\u011fi\u015fimleri.\n                      <br>\n                      <br>\n                      <br>\n                      <br>G\u00f6cek\/Mu\u011fla<\/h5>\n                  <\/div>\n                <\/div>\n              <\/div>\n            <\/div>\n          <\/div>\n          <div class=\"h-column h-column-container d-flex h-col-lg-auto h-col-md-auto h-col-auto style-1035-outer style-local-19-c131-outer\">\n            <div data-colibri-id=\"19-c131\" class=\"d-flex h-flex-basis h-column__inner h-ui-empty-state-container h-px-lg-2 h-px-md-2 h-px-2 v-inner-lg-2 v-inner-md-2 v-inner-2 style-1035 style-local-19-c131 position-relative\">\n              <!---->\n              <!---->\n              <div class=\"w-100 h-y-container h-column__content h-column__v-align flex-basis-100\">\n                <!---->\n              <\/div>\n            <\/div>\n          <\/div>\n        <\/div>\n      <\/div>\n    <\/div>\n  <\/div>\n  <div data-colibri-component=\"section\" data-colibri-id=\"19-c135\" id=\"about-6\" class=\"h-section h-section-global-spacing d-flex align-items-lg-center align-items-md-center align-items-center style-1039 style-local-19-c135 position-relative\">\n    <!---->\n    <!---->\n    <div class=\"h-section-grid-container h-section-boxed-container\">\n      <!---->\n      <div data-colibri-id=\"19-c136\" class=\"h-row-container gutters-row-lg-0 gutters-row-md-0 gutters-row-0 gutters-row-v-lg-0 gutters-row-v-md-0 gutters-row-v-0 style-1040 style-local-19-c136 position-relative\">\n        <!---->\n        <div class=\"h-row justify-content-lg-center justify-content-md-center justify-content-center align-items-lg-stretch align-items-md-stretch align-items-stretch gutters-col-lg-0 gutters-col-md-0 gutters-col-0 gutters-col-v-lg-0 gutters-col-v-md-0 gutters-col-v-0\">\n          <!---->\n          <div class=\"h-column h-column-container d-flex h-col-lg-auto h-col-md-auto h-col-auto style-1041-outer style-local-19-c137-outer\">\n            <div data-colibri-id=\"19-c137\" class=\"d-flex h-flex-basis h-column__inner h-ui-empty-state-container h-px-lg-0 h-px-md-0 h-px-0 v-inner-lg-0 v-inner-md-0 v-inner-0 style-1041 style-local-19-c137 position-relative\">\n              <!---->\n              <!---->\n              <div class=\"w-100 h-y-container h-column__content h-column__v-align flex-basis-100\">\n                <!---->\n              <\/div>\n            <\/div>\n          <\/div>\n          <div class=\"h-column h-column-container d-flex h-col-lg-auto h-col-md-auto h-col-auto style-1042-outer style-local-19-c138-outer\">\n            <div data-colibri-id=\"19-c138\" class=\"d-flex h-flex-basis h-column__inner h-px-lg-2 h-px-md-2 h-px-2 v-inner-lg-2 v-inner-md-2 v-inner-2 style-1042 style-local-19-c138 position-relative\">\n              <!---->\n              <!---->\n              <div class=\"w-100 h-y-container h-column__content h-column__v-align flex-basis-100 align-self-lg-start align-self-md-start align-self-start\">\n                <!---->\n                <div data-colibri-id=\"19-c139\" class=\"h-global-transition-all h-heading style-1043 style-local-19-c139 position-relative h-element\">\n                  <!---->\n                  <div class=\"h-heading__outer style-1043 style-local-19-c139\">\n                    <!---->\n                    <!---->\n                    <h4 class=\"\">AZIMUT 43 ft.\n                      <br>\n                    <\/h4>\n                  <\/div>\n                <\/div>\n                <div data-colibri-id=\"19-c140\" class=\"h-global-transition-all h-heading style-1044 style-local-19-c140 position-relative h-element\">\n                  <!---->\n                  <div class=\"h-heading__outer style-1044 style-local-19-c140\">\n                    <!---->\n                    <!---->\n                    <h5 class=\"\">-\u015eaft yataklar\u0131 de\u011fi\u015fimi.\n                      <br>\n                      <br>-\u015eaft s\u0131zd\u0131rmaz ke\u00e7e sistemi\n                      <br> imalat ve montaj\u0131.\n                      <br>\n                      <br>-Ana makina line ayarlar\u0131.\n                      <br>\n                      <br>-\u015eaft salg\u0131 kontrolleri.\n                      <br>\n                      <br>-Pervane pitch ve balans kontrolleri.\n                      <br>\n                      <br>\n                      <br>\n                      <br>G\u00f6cek\/Mu\u011fla<\/h5>\n                  <\/div>\n                <\/div>\n              <\/div>\n            <\/div>\n          <\/div>\n        <\/div>\n      <\/div>\n    <\/div>\n  <\/div>\n<\/div>","protected":false},"excerpt":{"rendered":"<p>PRINCESS 72 ft. -\u015eaft salg\u0131 kontrolleri -\u015eaft yata\u011f\u0131 de\u011fi\u015fimi -Ke\u00e7e de\u011fi\u015fimi -Pervane temizli\u011fi. G\u00f6cek\/Mu\u011fla NUMARINE 37XP &nbsp; &#8211; Centa kaplin, \u015faft kovan\u0131 ve braket line \u00e7izgileri. &#8211; D\u00fcmen kovan\u0131 montaj\u0131. &#8211; Sevk sistemi montaj\u0131 s\u0131cak i\u015flemleri. \u0130stanbul\/Tuzla BELVEDERE&nbsp; MENG\u0130 YAY 35 M. -\u015eaft imalat ve montaj\u0131. -Pervane balans ve pitch kontrol\u00fc. -Ana makina deniz suyu [&hellip;]<\/p>\n","protected":false},"author":1,"featured_media":0,"parent":0,"menu_order":0,"comment_status":"closed","ping_status":"closed","template":"page-templates\/full-width-page.php","meta":{"footnotes":""},"class_list":["post-19","page","type-page","status-publish","hentry"],"_links":{"self":[{"href":"https:\/\/www.ozgerdenizcilik.com.tr\/index.php?rest_route=\/wp\/v2\/pages\/19","targetHints":{"allow":["GET"]}}],"collection":[{"href":"https:\/\/www.ozgerdenizcilik.com.tr\/index.php?rest_route=\/wp\/v2\/pages"}],"about":[{"href":"https:\/\/www.ozgerdenizcilik.com.tr\/index.php?rest_route=\/wp\/v2\/types\/page"}],"author":[{"embeddable":true,"href":"https:\/\/www.ozgerdenizcilik.com.tr\/index.php?rest_route=\/wp\/v2\/users\/1"}],"replies":[{"embeddable":true,"href":"https:\/\/www.ozgerdenizcilik.com.tr\/index.php?rest_route=%2Fwp%2Fv2%2Fcomments&post=19"}],"version-history":[{"count":10,"href":"https:\/\/www.ozgerdenizcilik.com.tr\/index.php?rest_route=\/wp\/v2\/pages\/19\/revisions"}],"predecessor-version":[{"id":615,"href":"https:\/\/www.ozgerdenizcilik.com.tr\/index.php?rest_route=\/wp\/v2\/pages\/19\/revisions\/615"}],"wp:attachment":[{"href":"https:\/\/www.ozgerdenizcilik.com.tr\/index.php?rest_route=%2Fwp%2Fv2%2Fmedia&parent=19"}],"curies":[{"name":"wp","href":"https:\/\/api.w.org\/{rel}","templated":true}]}}