{"id":299,"date":"2023-09-15T14:39:58","date_gmt":"2023-09-15T14:39:58","guid":{"rendered":"https:\/\/www.ozgerdenizcilik.com.tr\/?page_id=299"},"modified":"2024-08-22T13:03:22","modified_gmt":"2024-08-22T13:03:22","slug":"imalatlar","status":"publish","type":"page","link":"https:\/\/www.ozgerdenizcilik.com.tr\/?page_id=299","title":{"rendered":"\u0130MALATLAR"},"content":{"rendered":"<div data-colibri-id=\"299-c1\" class=\"style-487 style-local-299-c1 position-relative\">\n  <!---->\n  <div data-colibri-component=\"section\" data-colibri-id=\"299-c2\" id=\"about\" class=\"h-section h-section-global-spacing d-flex align-items-lg-center align-items-md-center align-items-center style-491 style-local-299-c2 position-relative\">\n    <!---->\n    <!---->\n    <div class=\"h-section-grid-container h-section-boxed-container\">\n      <!---->\n      <div data-colibri-id=\"299-c8\" class=\"h-row-container gutters-row-lg-2 gutters-row-md-2 gutters-row-0 gutters-row-v-lg-2 gutters-row-v-md-2 gutters-row-v-2 style-499 style-local-299-c8 position-relative\">\n        <!---->\n        <div class=\"h-row justify-content-lg-center justify-content-md-center justify-content-center align-items-lg-stretch align-items-md-stretch align-items-stretch gutters-col-lg-2 gutters-col-md-2 gutters-col-0 gutters-col-v-lg-2 gutters-col-v-md-2 gutters-col-v-2\">\n          <!---->\n          <div class=\"h-column h-column-container d-flex h-col-lg-auto h-col-md-auto h-col-auto style-775-outer style-local-299-c23-outer\">\n            <div data-colibri-id=\"299-c23\" class=\"d-flex h-flex-basis h-column__inner h-px-lg-2 h-px-md-2 h-px-2 v-inner-lg-2 v-inner-md-2 v-inner-2 style-775 style-local-299-c23 position-relative\">\n              <!---->\n              <!---->\n              <div class=\"w-100 h-y-container h-column__content h-column__v-align flex-basis-100 align-self-lg-start align-self-md-start align-self-start\">\n                <!---->\n                <div data-colibri-id=\"299-c24\" class=\"d-block style-776 style-local-299-c24 position-relative h-element\">\n                  <!---->\n                  <div class=\"h-image__frame-container-outer\">\n                    <div class=\"h-image__frame-container\">\n                      <!---->\n                      <!---->\n                      <img loading=\"lazy\" decoding=\"async\" width=\"1200\" height=\"345\" src=\"https:\/\/www.ozgerdenizcilik.com.tr\/wp-content\/uploads\/2024\/08\/cropped-cropped-cropped-shaft-line-web.png\" class=\"wp-image-515 style-776-image style-local-299-c24-image\" alt=\"\" srcset=\"https:\/\/www.ozgerdenizcilik.com.tr\/wp-content\/uploads\/2024\/08\/cropped-cropped-cropped-shaft-line-web.png 1200w, https:\/\/www.ozgerdenizcilik.com.tr\/wp-content\/uploads\/2024\/08\/cropped-cropped-cropped-shaft-line-web-300x86.png 300w, https:\/\/www.ozgerdenizcilik.com.tr\/wp-content\/uploads\/2024\/08\/cropped-cropped-cropped-shaft-line-web-1024x294.png 1024w, https:\/\/www.ozgerdenizcilik.com.tr\/wp-content\/uploads\/2024\/08\/cropped-cropped-cropped-shaft-line-web-768x221.png 768w\" sizes=\"auto, (max-width: 1200px) 100vw, 1200px\" \/>\n                      <div class=\"h-image__frame h-hide-lg h-hide-md h-hide-sm style-776-frameImage style-local-299-c24-frameImage\"><\/div>\n                    <\/div>\n                  <\/div>\n                <\/div>\n              <\/div>\n            <\/div>\n          <\/div>\n        <\/div>\n      <\/div>\n    <\/div>\n  <\/div>\n  <div data-colibri-component=\"section\" data-colibri-id=\"299-c32\" id=\"custom-4\" class=\"h-section h-section-global-spacing d-flex align-items-lg-center align-items-md-center align-items-center style-784 style-local-299-c32 position-relative\">\n    <!---->\n    <!---->\n    <div class=\"h-section-grid-container h-section-boxed-container\">\n      <!---->\n      <div data-colibri-id=\"299-c33\" class=\"h-row-container gutters-row-lg-2 gutters-row-md-2 gutters-row-0 gutters-row-v-lg-2 gutters-row-v-md-2 gutters-row-v-2 style-785 style-local-299-c33 position-relative\">\n        <!---->\n        <div class=\"h-row justify-content-lg-center justify-content-md-center justify-content-center align-items-lg-stretch align-items-md-stretch align-items-stretch gutters-col-lg-2 gutters-col-md-2 gutters-col-0 gutters-col-v-lg-2 gutters-col-v-md-2 gutters-col-v-2\">\n          <!---->\n          <div class=\"h-column h-column-container d-flex h-col-lg-auto h-col-md-auto h-col-auto style-786-outer style-local-299-c34-outer\">\n            <div data-colibri-id=\"299-c34\" class=\"d-flex h-flex-basis h-column__inner h-px-lg-2 h-px-md-2 h-px-2 v-inner-lg-2 v-inner-md-2 v-inner-2 style-786 style-local-299-c34 position-relative\">\n              <!---->\n              <!---->\n              <div class=\"w-100 h-y-container h-column__content h-column__v-align flex-basis-100 align-self-lg-start align-self-md-start align-self-start\">\n                <!---->\n                <div data-colibri-id=\"299-c36\" class=\"h-text h-text-component style-788 style-local-299-c36 position-relative h-element\">\n                  <!---->\n                  <!---->\n                  <div class=\"\">\n                    <p>Class, survey bak\u0131m ve test hizmeti.<\/p>\n                    <p>\u015eaft, pervane, d\u00fcmen penetrant (\u00e7atlak) testleri.<\/p>\n                    <p>\u015eaft s\u0131zd\u0131rmaz ke\u00e7e sistemi imalat\u0131.<\/p>\n                    <p>\u015eaft imalat\u0131 (Salg\u0131 kontrolleri ve onar\u0131m\u0131).<\/p>\n                    <p>Braket ve kovan imalat\u0131.<\/p>\n                    <p>\u015eaft yata\u011f\u0131 de\u011fi\u015fimi.<\/p>\n                    <p>Ana makine line hatt\u0131 \u00f6l\u00e7\u00fcmleri ve d\u00fczeltme i\u015flemleri.<\/p>\n                    <p>Pervane imalat\u0131, bak\u0131m ve onar\u0131mlar\u0131 (Pitch, balans kontrolleri ve onar\u0131m\u0131).<\/p>\n                    <p>D\u00fcmen sistemi kurulum bak\u0131m ve onar\u0131m\u0131.<\/p>\n                    <p>D\u00fcmen kovan imalat\u0131, kurulumu ve onar\u0131m\u0131.<\/p>\n                    <p>D\u00fcmen, d\u00fcmen palas\u0131, d\u00fcmen yekesi ve rot imalat\u0131 (D\u00fcmen sistemi bak\u0131m ve onar\u0131m\u0131).<\/p>\n                    <p>Ana makine, jenerat\u00f6r bak\u0131m ve onar\u0131m\u0131.<\/p>\n                    <p>Ana makine, jenerat\u00f6r, pompa foundation imalatlar\u0131.<\/p>\n                    <p><span style=\"font-weight: 300; font-size: 16px; font-family: Poppins; color: rgb(19, 28, 37);\">Yak\u0131t sistemi kurulum, bak\u0131m ve onar\u0131m\u0131 (Ana makine, jenerat\u00f6r).<\/span><\/p>\n                  <\/div>\n                <\/div>\n              <\/div>\n            <\/div>\n          <\/div>\n          <div class=\"h-column h-column-container d-flex h-col-lg-auto h-col-md-auto h-col-auto style-790-outer style-local-299-c38-outer\">\n            <div data-colibri-id=\"299-c38\" class=\"d-flex h-flex-basis h-column__inner h-px-lg-2 h-px-md-2 h-px-2 v-inner-lg-2 v-inner-md-2 v-inner-2 style-790 style-local-299-c38 position-relative\">\n              <!---->\n              <!---->\n              <div class=\"w-100 h-y-container h-column__content h-column__v-align flex-basis-100 align-self-lg-start align-self-md-start align-self-start\">\n                <!---->\n                <div data-colibri-id=\"299-c39\" class=\"h-text h-text-component style-791 style-local-299-c39 position-relative h-element\">\n                  <!---->\n                  <!---->\n                  <div class=\"\">\n                    <p><span>H<\/span><span style=\"font-weight: 300; font-size: 16px; font-family: Poppins; color: rgb(19, 28, 37);\">idrolik sistem kurulum, bak\u0131m ve onar\u0131m.<\/span><\/p>\n                    <p><span>Kompansat\u00f6r imalat\u0131 ve montaj\u0131.<\/span><\/p>\n                    <p><span>Irgat, vin\u00e7, paserella, k\u0131\u00e7 platform mekanik ve hidrolik kurulum, bak\u0131m ve onar\u0131m\u0131.<\/span><\/p>\n                    <p><span>Deniz suyu sistemi kurulumu, bak\u0131m ve onar\u0131m i\u015flemleri (Vana, filtre, hortum ve rekor de\u011fi\u015fimi).<\/span><\/p>\n                    <p><span>Ba\u015f, k\u0131\u00e7 pervane mekanik ve hidrolik kurulum, montaj ve bak\u0131m hizmetleri.<\/span><\/p>\n                    <p><span>Hidrolik \u00fcnite ya\u011f, filtre, hortum bak\u0131mlar\u0131.<\/span><\/p>\n                    <p><span>Pompa bak\u0131mlar\u0131.<\/span><\/p>\n                    <p><span>Flap montaj\u0131 ve bak\u0131mlar\u0131.<\/span><\/p>\n                    <p><span>Stabilizer sistemi montaj\u0131, hidrolik devre kurulumu ve bak\u0131mlar\u0131.<\/span><\/p>\n                    <p><span>Mapress krom, cunife tesisat kurulum ve onar\u0131m\u0131 (Yak\u0131t, deniz suyu ve sintine devresi).<\/span><\/p>\n                    <p><span>Arneson kuyruk bak\u0131m\u0131 ve onar\u0131m\u0131.<\/span><\/p>\n                    <p><span>Krom tank imalat\u0131.<\/span><\/p>\n                    <p>\n                      <br>\n                    <\/p>\n                    <p>\n                      <br>\n                    <\/p>\n                  <\/div>\n                <\/div>\n              <\/div>\n            <\/div>\n          <\/div>\n        <\/div>\n      <\/div>\n    <\/div>\n  <\/div>\n<\/div>","protected":false},"excerpt":{"rendered":"<p>Class, survey bak\u0131m ve test hizmeti. \u015eaft, pervane, d\u00fcmen penetrant (\u00e7atlak) testleri. \u015eaft s\u0131zd\u0131rmaz ke\u00e7e sistemi imalat\u0131. \u015eaft imalat\u0131 (Salg\u0131 kontrolleri ve onar\u0131m\u0131). Braket ve kovan imalat\u0131. \u015eaft yata\u011f\u0131 de\u011fi\u015fimi. Ana makine line hatt\u0131 \u00f6l\u00e7\u00fcmleri ve d\u00fczeltme i\u015flemleri. Pervane imalat\u0131, bak\u0131m ve onar\u0131mlar\u0131 (Pitch, balans kontrolleri ve onar\u0131m\u0131). D\u00fcmen sistemi kurulum bak\u0131m ve onar\u0131m\u0131. D\u00fcmen [&hellip;]<\/p>\n","protected":false},"author":1,"featured_media":0,"parent":0,"menu_order":0,"comment_status":"closed","ping_status":"closed","template":"page-templates\/full-width-page.php","meta":{"footnotes":""},"class_list":["post-299","page","type-page","status-publish","hentry"],"_links":{"self":[{"href":"https:\/\/www.ozgerdenizcilik.com.tr\/index.php?rest_route=\/wp\/v2\/pages\/299","targetHints":{"allow":["GET"]}}],"collection":[{"href":"https:\/\/www.ozgerdenizcilik.com.tr\/index.php?rest_route=\/wp\/v2\/pages"}],"about":[{"href":"https:\/\/www.ozgerdenizcilik.com.tr\/index.php?rest_route=\/wp\/v2\/types\/page"}],"author":[{"embeddable":true,"href":"https:\/\/www.ozgerdenizcilik.com.tr\/index.php?rest_route=\/wp\/v2\/users\/1"}],"replies":[{"embeddable":true,"href":"https:\/\/www.ozgerdenizcilik.com.tr\/index.php?rest_route=%2Fwp%2Fv2%2Fcomments&post=299"}],"version-history":[{"count":3,"href":"https:\/\/www.ozgerdenizcilik.com.tr\/index.php?rest_route=\/wp\/v2\/pages\/299\/revisions"}],"predecessor-version":[{"id":517,"href":"https:\/\/www.ozgerdenizcilik.com.tr\/index.php?rest_route=\/wp\/v2\/pages\/299\/revisions\/517"}],"wp:attachment":[{"href":"https:\/\/www.ozgerdenizcilik.com.tr\/index.php?rest_route=%2Fwp%2Fv2%2Fmedia&parent=299"}],"curies":[{"name":"wp","href":"https:\/\/api.w.org\/{rel}","templated":true}]}}